{"id":273,"date":"2024-03-18T14:57:59","date_gmt":"2024-03-18T13:57:59","guid":{"rendered":"https:\/\/wasipope.cyon.site\/?page_id=273"},"modified":"2025-09-05T11:27:50","modified_gmt":"2025-09-05T09:27:50","slug":"qui-sommes-nous","status":"publish","type":"page","link":"https:\/\/ig-seltene-krankheiten.ch\/fr\/qui-sommes-nous\/","title":{"rendered":"Qui sommes-nous"},"content":{"rendered":"<div id='layer_slider_1'  class='avia-layerslider main_color avia-shadow  avia-builder-el-0  el_before_av_submenu  avia-builder-el-first  container_wrap fullsize'  style='height: 236px; max-width: 1280px; margin: 0 auto;'  ><\/div>\n<div class='clear'><\/div><div id='sub_menu1'  class='av-submenu-container av-1zywv-6ed9f03d78b8912d5b0ecac72b88ad55 header_color av-switch-768  avia-builder-el-1  el_after_av_layerslider  el_before_av_section  av-sticky-submenu submenu-not-first container_wrap fullsize' style='z-index:301' ><div class='container av-menu-mobile-active av-submenu-pos-center'><a href=\"#\" class=\"mobile_menu_toggle\" aria-hidden='true' data-av_icon='\ue8a5' data-av_iconfont='entypo-fontello'><span class=\"av-current-placeholder\">Menu<\/span><\/a><ul id=\"menu-hauptnavi\" class=\"av-subnav-menu\" role=\"menu\"><li role=\"menuitem\" id=\"menu-item-43\" class=\"menu-item menu-item-type-post_type menu-item-object-page menu-item-top-level menu-item-top-level-1\"><a href=\"https:\/\/ig-seltene-krankheiten.ch\/unsere-positionen\/\" itemprop=\"url\" tabindex=\"0\"><span class=\"avia-bullet\"><\/span><span class=\"avia-menu-text\">Notre Position<\/span><span class=\"avia-menu-fx\"><span class=\"avia-arrow-wrap\"><span class=\"avia-arrow\"><\/span><\/span><\/span><\/a><\/li>\n<li role=\"menuitem\" id=\"menu-item-42\" class=\"menu-item menu-item-type-post_type menu-item-object-page menu-item-top-level menu-item-top-level-2\"><a href=\"https:\/\/ig-seltene-krankheiten.ch\/ueber-uns\/\" itemprop=\"url\" tabindex=\"0\"><span class=\"avia-bullet\"><\/span><span class=\"avia-menu-text\">Qui sommes-nous<\/span><span class=\"avia-menu-fx\"><span class=\"avia-arrow-wrap\"><span class=\"avia-arrow\"><\/span><\/span><\/span><\/a><\/li>\n<li role=\"menuitem\" id=\"menu-item-41\" class=\"menu-item menu-item-type-post_type menu-item-object-page menu-item-has-children menu-item-top-level menu-item-top-level-3\"><a href=\"https:\/\/ig-seltene-krankheiten.ch\/seltene-krankheiten\/\" itemprop=\"url\" tabindex=\"0\"><span class=\"avia-bullet\"><\/span><span class=\"avia-menu-text\">Maladies rares<\/span><span class=\"avia-menu-fx\"><span class=\"avia-arrow-wrap\"><span class=\"avia-arrow\"><\/span><\/span><\/span><\/a>\n\n\n<ul class=\"sub-menu\">\n\t<li role=\"menuitem\" id=\"menu-item-40\" class=\"menu-item menu-item-type-post_type menu-item-object-page\"><a href=\"https:\/\/ig-seltene-krankheiten.ch\/herausforderungen\/\" itemprop=\"url\" tabindex=\"0\"><span class=\"avia-bullet\"><\/span><span class=\"avia-menu-text\">D\u00e9fis<\/span><\/a><\/li>\n<\/ul>\n<\/li>\n<li role=\"menuitem\" id=\"menu-item-39\" class=\"menu-item menu-item-type-post_type menu-item-object-page menu-item-top-level menu-item-top-level-4\"><a href=\"https:\/\/ig-seltene-krankheiten.ch\/parlamentarische-vorstoesse\/\" itemprop=\"url\" tabindex=\"0\"><span class=\"avia-bullet\"><\/span><span class=\"avia-menu-text\">Interventions parlementaires<\/span><span class=\"avia-menu-fx\"><span class=\"avia-arrow-wrap\"><span class=\"avia-arrow\"><\/span><\/span><\/span><\/a><\/li>\n<li role=\"menuitem\" id=\"menu-item-38\" class=\"menu-item menu-item-type-post_type menu-item-object-page menu-item-top-level menu-item-top-level-5\"><a href=\"https:\/\/ig-seltene-krankheiten.ch\/news\/\" itemprop=\"url\" tabindex=\"0\"><span class=\"avia-bullet\"><\/span><span class=\"avia-menu-text\">Actualit\u00e9s<\/span><span class=\"avia-menu-fx\"><span class=\"avia-arrow-wrap\"><span class=\"avia-arrow\"><\/span><\/span><\/span><\/a><\/li>\n<\/ul><\/div><\/div><div class='sticky_placeholder'><\/div>\n<div id='av_section_1'  class='avia-section av-y1v7-7cb48513775567f76ec27168e977b1ef main_color avia-section-default avia-no-border-styling  avia-builder-el-2  el_after_av_submenu  avia-builder-el-last  avia-bg-style-scroll container_wrap fullsize'  ><div class='container av-section-cont-open' ><div class='template-page content  av-content-full alpha units'><div class='post-entry post-entry-type-page post-entry-273'><div class='entry-content-wrapper clearfix'>\n<div  class='flex_column av-1pm2n-1293d60943225b4fc145f9afac7239da av_two_third  avia-builder-el-3  el_before_av_one_third  avia-builder-el-first  first flex_column_div  '     ><section  class='av_textblock_section av-lu1eop5j-19c68f5baba466b59852f34fc0a38095 '   itemscope=\"itemscope\" itemtype=\"https:\/\/schema.org\/CreativeWork\" ><div class='avia_textblock'  itemprop=\"text\" ><h1>Qui sommes-nous<\/h1>\n<\/div><\/section><br \/>\n<section  class='av_textblock_section av-lu1eowbf-62224dd6ecc22d9134ee2cc1e348b3c6 '   itemscope=\"itemscope\" itemtype=\"https:\/\/schema.org\/CreativeWork\" ><div class='avia_textblock'  itemprop=\"text\" ><div class=\"text-section\">\n<p>La CI Maladies rares a \u00e9t\u00e9 fond\u00e9e en ao\u00fbt 2011. Elle b\u00e9n\u00e9ficie d&rsquo;un large soutien, ainsi que de l&rsquo;appui d&rsquo;importants acteurs de la politique suisse de la sant\u00e9. L&rsquo;ancienne conseill\u00e8re nationale et pr\u00e9sidente de ProRaris Yvonne Feri et le conseiller aux Etats Matthias Michel sont les pr\u00e9sidents de la CI Maladies rares.<\/p>\n<\/div>\n<div class=\"links\">\n<p><a href=\"http:\/\/www.proraris.ch\/\" target=\"_blank\" rel=\"noopener\">&gt; ProRaris<\/a><br \/>\n<a href=\"http:\/\/www.orphanet.ch\/\" target=\"_blank\" rel=\"noopener\">&gt; Orphanet Schweiz<\/a><br \/>\n<a href=\"http:\/\/www.kmsk.ch\/\" target=\"_blank\" rel=\"noopener\">&gt; F\u00f6rderverein f\u00fcr Kinder mit seltenen Krankheiten KMSK<\/a><br \/>\n<a href=\"https:\/\/www.procap.ch\/fr\/\" target=\"_blank\" rel=\"noopener\">&gt; Procap<\/a><br \/>\n<a href=\"http:\/\/www.insel.ch\/\" target=\"_blank\" rel=\"noopener\">&gt; Inselspital<\/a><br \/>\n<a href=\"https:\/\/www.luks.ch\/spezialisten\/prof-dr-med-johannes-roth\">&gt; Kinderspital Zentralschweiz\/das Kantonsspital Luzern LUKS<\/a><br \/>\n<a href=\"http:\/\/www.unispital-basel.ch\/\" target=\"_blank\" rel=\"noopener\">&gt; Universit\u00e4tsspital Basel<\/a><br \/>\n<a href=\"http:\/\/www.usz.ch\/Seiten\/default.aspx\" target=\"_blank\" rel=\"noopener\">&gt; Universit\u00e4tsspital Z\u00fcrich<\/a><br \/>\n<a href=\"http:\/\/www.hug-ge.ch\/\" target=\"_blank\" rel=\"noopener\">&gt; Universit\u00e4tsspital Genf HUG<\/a><br \/>\n<a href=\"http:\/\/www.chuv.ch\/\" target=\"_blank\" rel=\"noopener\">&gt; Universit\u00e4tsspital CHUV in Lausanne<\/a><br \/>\n<a href=\"http:\/\/www.kssg.ch\/\" target=\"_blank\" rel=\"noopener\">&gt; Kantonsspital St. Gallen<\/a><br \/>\n<a href=\"http:\/\/www.ksa.ch\/1440.asp\" target=\"_blank\" rel=\"noopener\">&gt; Kantonsspital Aarau<\/a><br \/>\n<a href=\"http:\/\/www.interpharma.ch\/de\/index.asp\" target=\"_blank\" rel=\"noopener\">&gt; interpharma<\/a><br \/>\n<a href=\"http:\/\/www.vips.ch\/\" target=\"_blank\" rel=\"noopener\">&gt; vips Vereinigung Pharmafirmen Schweiz<\/a><\/p>\n<\/div>\n<\/div><\/section><\/p><\/div><div  class='flex_column av-145b7-737a078443af294f42b1acadff2de4d2 av_one_third  avia-builder-el-6  el_after_av_two_third  avia-builder-el-last  flex_column_div  '     ><section  class='av_textblock_section av-lu2dpb4j-6737f6d07e16ce56b3031a3865e3a5d6 '   itemscope=\"itemscope\" itemtype=\"https:\/\/schema.org\/CreativeWork\" ><div class='avia_textblock'  itemprop=\"text\" ><p><strong>Maladies rares<\/strong><\/p>\n<p>A l&rsquo;heure actuelle, on estime qu&rsquo;il existe entre 7 000 et 8 000 maladies rares dans le monde. La plupart d&rsquo;entre elles sont difficiles \u00e0 diagnostiquer. On estime qu&rsquo;elles concernent plus de 30 millions de personnes rien qu&rsquo;en Europe.<\/p>\n<p><a href=\"https:\/\/ig-seltene-krankheiten.ch\/fr\/maladies-rares\/\">&gt; lire la suite<\/a><\/p>\n<\/div><\/section><\/div>\n","protected":false},"excerpt":{"rendered":"","protected":false},"author":1,"featured_media":0,"parent":0,"menu_order":0,"comment_status":"closed","ping_status":"closed","template":"","meta":{"footnotes":""},"class_list":["post-273","page","type-page","status-publish","hentry"],"_links":{"self":[{"href":"https:\/\/ig-seltene-krankheiten.ch\/fr\/wp-json\/wp\/v2\/pages\/273","targetHints":{"allow":["GET"]}}],"collection":[{"href":"https:\/\/ig-seltene-krankheiten.ch\/fr\/wp-json\/wp\/v2\/pages"}],"about":[{"href":"https:\/\/ig-seltene-krankheiten.ch\/fr\/wp-json\/wp\/v2\/types\/page"}],"author":[{"embeddable":true,"href":"https:\/\/ig-seltene-krankheiten.ch\/fr\/wp-json\/wp\/v2\/users\/1"}],"replies":[{"embeddable":true,"href":"https:\/\/ig-seltene-krankheiten.ch\/fr\/wp-json\/wp\/v2\/comments?post=273"}],"version-history":[{"count":9,"href":"https:\/\/ig-seltene-krankheiten.ch\/fr\/wp-json\/wp\/v2\/pages\/273\/revisions"}],"predecessor-version":[{"id":746,"href":"https:\/\/ig-seltene-krankheiten.ch\/fr\/wp-json\/wp\/v2\/pages\/273\/revisions\/746"}],"wp:attachment":[{"href":"https:\/\/ig-seltene-krankheiten.ch\/fr\/wp-json\/wp\/v2\/media?parent=273"}],"curies":[{"name":"wp","href":"https:\/\/api.w.org\/{rel}","templated":true}]}}