{"id":291,"date":"2024-03-18T14:58:58","date_gmt":"2024-03-18T13:58:58","guid":{"rendered":"https:\/\/wasipope.cyon.site\/contact\/"},"modified":"2024-03-25T17:13:36","modified_gmt":"2024-03-25T16:13:36","slug":"contact","status":"publish","type":"page","link":"https:\/\/ig-seltene-krankheiten.ch\/fr\/contact\/","title":{"rendered":"Contact"},"content":{"rendered":"<div id='layer_slider_1'  class='avia-layerslider main_color avia-shadow  avia-builder-el-0  el_before_av_submenu  avia-builder-el-first  container_wrap fullsize'  style='height: 236px; max-width: 1280px; margin: 0 auto;'  ><\/div>\n<div class='clear'><\/div><div id='sub_menu1'  class='av-submenu-container av-38igy-124b3dab011ec0965dc2aa26db5d999a header_color av-switch-768  avia-builder-el-1  el_after_av_layerslider  el_before_av_section  av-sticky-submenu submenu-not-first container_wrap fullsize' style='z-index:301' ><div class='container av-menu-mobile-active av-submenu-pos-center'><a href=\"#\" class=\"mobile_menu_toggle\" aria-hidden='true' data-av_icon='\ue8a5' data-av_iconfont='entypo-fontello'><span class=\"av-current-placeholder\">Menu<\/span><\/a><ul id=\"menu-hauptnavi\" class=\"av-subnav-menu\" role=\"menu\"><li role=\"menuitem\" id=\"menu-item-43\" class=\"menu-item menu-item-type-post_type menu-item-object-page menu-item-top-level menu-item-top-level-1\"><a href=\"https:\/\/ig-seltene-krankheiten.ch\/unsere-positionen\/\" itemprop=\"url\" tabindex=\"0\"><span class=\"avia-bullet\"><\/span><span class=\"avia-menu-text\">Notre Position<\/span><span class=\"avia-menu-fx\"><span class=\"avia-arrow-wrap\"><span class=\"avia-arrow\"><\/span><\/span><\/span><\/a><\/li>\n<li role=\"menuitem\" id=\"menu-item-42\" class=\"menu-item menu-item-type-post_type menu-item-object-page menu-item-top-level menu-item-top-level-2\"><a href=\"https:\/\/ig-seltene-krankheiten.ch\/ueber-uns\/\" itemprop=\"url\" tabindex=\"0\"><span class=\"avia-bullet\"><\/span><span class=\"avia-menu-text\">Qui sommes-nous<\/span><span class=\"avia-menu-fx\"><span class=\"avia-arrow-wrap\"><span class=\"avia-arrow\"><\/span><\/span><\/span><\/a><\/li>\n<li role=\"menuitem\" id=\"menu-item-41\" class=\"menu-item menu-item-type-post_type menu-item-object-page menu-item-has-children menu-item-top-level menu-item-top-level-3\"><a href=\"https:\/\/ig-seltene-krankheiten.ch\/seltene-krankheiten\/\" itemprop=\"url\" tabindex=\"0\"><span class=\"avia-bullet\"><\/span><span class=\"avia-menu-text\">Maladies rares<\/span><span class=\"avia-menu-fx\"><span class=\"avia-arrow-wrap\"><span class=\"avia-arrow\"><\/span><\/span><\/span><\/a>\n\n\n<ul class=\"sub-menu\">\n\t<li role=\"menuitem\" id=\"menu-item-40\" class=\"menu-item menu-item-type-post_type menu-item-object-page\"><a href=\"https:\/\/ig-seltene-krankheiten.ch\/herausforderungen\/\" itemprop=\"url\" tabindex=\"0\"><span class=\"avia-bullet\"><\/span><span class=\"avia-menu-text\">D\u00e9fis<\/span><\/a><\/li>\n<\/ul>\n<\/li>\n<li role=\"menuitem\" id=\"menu-item-39\" class=\"menu-item menu-item-type-post_type menu-item-object-page menu-item-top-level menu-item-top-level-4\"><a href=\"https:\/\/ig-seltene-krankheiten.ch\/parlamentarische-vorstoesse\/\" itemprop=\"url\" tabindex=\"0\"><span class=\"avia-bullet\"><\/span><span class=\"avia-menu-text\">Interventions parlementaires<\/span><span class=\"avia-menu-fx\"><span class=\"avia-arrow-wrap\"><span class=\"avia-arrow\"><\/span><\/span><\/span><\/a><\/li>\n<li role=\"menuitem\" id=\"menu-item-38\" class=\"menu-item menu-item-type-post_type menu-item-object-page menu-item-top-level menu-item-top-level-5\"><a href=\"https:\/\/ig-seltene-krankheiten.ch\/news\/\" itemprop=\"url\" tabindex=\"0\"><span class=\"avia-bullet\"><\/span><span class=\"avia-menu-text\">Actualit\u00e9s<\/span><span class=\"avia-menu-fx\"><span class=\"avia-arrow-wrap\"><span class=\"avia-arrow\"><\/span><\/span><\/span><\/a><\/li>\n<\/ul><\/div><\/div><div class='sticky_placeholder'><\/div>\n<div id='av_section_1'  class='avia-section av-1amvu-2ec2f48c0907769097c721e295d49ed8 main_color avia-section-default avia-no-border-styling  avia-builder-el-2  el_after_av_submenu  avia-builder-el-last  avia-bg-style-scroll container_wrap fullsize'  ><div class='container av-section-cont-open' ><div class='template-page content  av-content-full alpha units'><div class='post-entry post-entry-type-page post-entry-291'><div class='entry-content-wrapper clearfix'>\n<div  class='flex_column av-ycwq-04d58b24bcb0fb0e474c378551489c0d av_two_third  avia-builder-el-3  avia-builder-el-no-sibling  first flex_column_div  '     ><section  class='av_textblock_section av-lu6t9fgu-65d056eb5c559466b5eda8d93afaeae1 '   itemscope=\"itemscope\" itemtype=\"https:\/\/schema.org\/CreativeWork\" ><div class='avia_textblock'  itemprop=\"text\" ><h1>Contact<\/h1>\n<\/div><\/section><br \/>\n<section  class='av_textblock_section av-lu6t94uk-d0566fa3e3c23a71c8b038c62e17bda4 '   itemscope=\"itemscope\" itemtype=\"https:\/\/schema.org\/CreativeWork\" ><div class='avia_textblock'  itemprop=\"text\" ><p>L&rsquo;IG Maladies Rares est un organe politique soutenu par plusieurs organisations. Si vous \u00eates vous-m\u00eame touch\u00e9 d\u2019une maladie rare et avez besoin d&rsquo;aide et de soutien, nous vous recommandons de contacter directement l&rsquo;organisation fa\u00eeti\u00e8re <a style=\"font-size: 16px;\" href=\"https:\/\/www.proraris.ch\/fr\/homepage.html\" target=\"_blank\" rel=\"noopener\">Pro Raris<\/a><span style=\"font-size: 16px;\">\u00a0ou l&rsquo;une de ses associations membres, comme la\u00a0<\/span><a style=\"font-size: 16px;\" href=\"https:\/\/www.kmsk.ch\/\" target=\"_blank\" rel=\"noopener\">KMSK<\/a><span style=\"font-size: 16px;\">. Tous deux sont des sponsors de l&rsquo;IG Maladies Rares.<\/span><\/p>\n<div class=\"text-section\">\n<p>CI Maladies rares<br \/>\nc\/o\u00a0furrerhugi ag<br \/>\nSchauplatzgasse 39<br \/>\nCH-3011 Berne<\/p>\n<p>T\u00e9l. +41 31 313 18 48<br \/>\nFax +41 31 313 18 49<\/p>\n<p><a href=\"mailto:info@ci-maladies-rares.ch\">info@ci-maladies-rares.ch<\/a><\/p>\n<\/div>\n<\/div><\/section><\/p><\/div>\n","protected":false},"excerpt":{"rendered":"","protected":false},"author":1,"featured_media":0,"parent":0,"menu_order":0,"comment_status":"closed","ping_status":"closed","template":"","meta":{"footnotes":""},"class_list":["post-291","page","type-page","status-publish","hentry"],"_links":{"self":[{"href":"https:\/\/ig-seltene-krankheiten.ch\/fr\/wp-json\/wp\/v2\/pages\/291","targetHints":{"allow":["GET"]}}],"collection":[{"href":"https:\/\/ig-seltene-krankheiten.ch\/fr\/wp-json\/wp\/v2\/pages"}],"about":[{"href":"https:\/\/ig-seltene-krankheiten.ch\/fr\/wp-json\/wp\/v2\/types\/page"}],"author":[{"embeddable":true,"href":"https:\/\/ig-seltene-krankheiten.ch\/fr\/wp-json\/wp\/v2\/users\/1"}],"replies":[{"embeddable":true,"href":"https:\/\/ig-seltene-krankheiten.ch\/fr\/wp-json\/wp\/v2\/comments?post=291"}],"version-history":[{"count":3,"href":"https:\/\/ig-seltene-krankheiten.ch\/fr\/wp-json\/wp\/v2\/pages\/291\/revisions"}],"predecessor-version":[{"id":304,"href":"https:\/\/ig-seltene-krankheiten.ch\/fr\/wp-json\/wp\/v2\/pages\/291\/revisions\/304"}],"wp:attachment":[{"href":"https:\/\/ig-seltene-krankheiten.ch\/fr\/wp-json\/wp\/v2\/media?parent=291"}],"curies":[{"name":"wp","href":"https:\/\/api.w.org\/{rel}","templated":true}]}}