{"id":298,"date":"2024-03-12T15:43:26","date_gmt":"2024-03-12T14:43:26","guid":{"rendered":"https:\/\/wasipope.cyon.site\/ig-seltene-krankheiten\/"},"modified":"2024-03-28T10:34:41","modified_gmt":"2024-03-28T09:34:41","slug":"ig-maladies-rares","status":"publish","type":"page","link":"https:\/\/ig-seltene-krankheiten.ch\/fr\/","title":{"rendered":"IG Maladies Rares"},"content":{"rendered":"<div id='layer_slider_1'  class='avia-layerslider main_color avia-shadow  avia-builder-el-0  el_before_av_layerslider  avia-builder-el-first  container_wrap fullsize'  style='height: 542px; max-width: 1280px; margin: 0 auto;'  ><\/div>\n<div id='layer_slider_2'  class='avia-layerslider main_color avia-shadow  avia-builder-el-1  el_after_av_layerslider  el_before_av_submenu  slider-not-first container_wrap fullsize'  style='height: 542px; max-width: 1280px; margin: 0 auto;'  ><\/div>\n<div class='clear'><\/div><div id='sub_menu1'  class='av-submenu-container av-ltohn46a-0082016909616871ad7d98771abd6342 header_color av-switch-768  avia-builder-el-2  el_after_av_layerslider  el_before_av_section  av-sticky-submenu submenu-not-first container_wrap fullsize' style='z-index:301' ><div class='container av-menu-mobile-active av-submenu-pos-center'><a href=\"#\" class=\"mobile_menu_toggle\" aria-hidden='true' data-av_icon='\ue8a5' data-av_iconfont='entypo-fontello'><span class=\"av-current-placeholder\">Menu<\/span><\/a><ul id=\"menu-hauptnavi\" class=\"av-subnav-menu\" role=\"menu\"><li role=\"menuitem\" id=\"menu-item-43\" class=\"menu-item menu-item-type-post_type menu-item-object-page menu-item-top-level menu-item-top-level-1\"><a href=\"https:\/\/ig-seltene-krankheiten.ch\/unsere-positionen\/\" itemprop=\"url\" tabindex=\"0\"><span class=\"avia-bullet\"><\/span><span class=\"avia-menu-text\">Notre Position<\/span><span class=\"avia-menu-fx\"><span class=\"avia-arrow-wrap\"><span class=\"avia-arrow\"><\/span><\/span><\/span><\/a><\/li>\n<li role=\"menuitem\" id=\"menu-item-42\" class=\"menu-item menu-item-type-post_type menu-item-object-page menu-item-top-level menu-item-top-level-2\"><a href=\"https:\/\/ig-seltene-krankheiten.ch\/ueber-uns\/\" itemprop=\"url\" tabindex=\"0\"><span class=\"avia-bullet\"><\/span><span class=\"avia-menu-text\">Qui sommes-nous<\/span><span class=\"avia-menu-fx\"><span class=\"avia-arrow-wrap\"><span class=\"avia-arrow\"><\/span><\/span><\/span><\/a><\/li>\n<li role=\"menuitem\" id=\"menu-item-41\" class=\"menu-item menu-item-type-post_type menu-item-object-page menu-item-has-children menu-item-top-level menu-item-top-level-3\"><a href=\"https:\/\/ig-seltene-krankheiten.ch\/seltene-krankheiten\/\" itemprop=\"url\" tabindex=\"0\"><span class=\"avia-bullet\"><\/span><span class=\"avia-menu-text\">Maladies rares<\/span><span class=\"avia-menu-fx\"><span class=\"avia-arrow-wrap\"><span class=\"avia-arrow\"><\/span><\/span><\/span><\/a>\n\n\n<ul class=\"sub-menu\">\n\t<li role=\"menuitem\" id=\"menu-item-40\" class=\"menu-item menu-item-type-post_type menu-item-object-page\"><a href=\"https:\/\/ig-seltene-krankheiten.ch\/herausforderungen\/\" itemprop=\"url\" tabindex=\"0\"><span class=\"avia-bullet\"><\/span><span class=\"avia-menu-text\">D\u00e9fis<\/span><\/a><\/li>\n<\/ul>\n<\/li>\n<li role=\"menuitem\" id=\"menu-item-39\" class=\"menu-item menu-item-type-post_type menu-item-object-page menu-item-top-level menu-item-top-level-4\"><a href=\"https:\/\/ig-seltene-krankheiten.ch\/parlamentarische-vorstoesse\/\" itemprop=\"url\" tabindex=\"0\"><span class=\"avia-bullet\"><\/span><span class=\"avia-menu-text\">Interventions parlementaires<\/span><span class=\"avia-menu-fx\"><span class=\"avia-arrow-wrap\"><span class=\"avia-arrow\"><\/span><\/span><\/span><\/a><\/li>\n<li role=\"menuitem\" id=\"menu-item-38\" class=\"menu-item menu-item-type-post_type menu-item-object-page menu-item-top-level menu-item-top-level-5\"><a href=\"https:\/\/ig-seltene-krankheiten.ch\/news\/\" itemprop=\"url\" tabindex=\"0\"><span class=\"avia-bullet\"><\/span><span class=\"avia-menu-text\">Actualit\u00e9s<\/span><span class=\"avia-menu-fx\"><span class=\"avia-arrow-wrap\"><span class=\"avia-arrow\"><\/span><\/span><\/span><\/a><\/li>\n<\/ul><\/div><\/div><div class='sticky_placeholder'><\/div>\n<div id='av_section_1'  class='avia-section av-4fhoe-f13e0eddc59635cd6b583db7d9338f0c main_color avia-section-default avia-no-border-styling  avia-builder-el-3  el_after_av_submenu  avia-builder-el-last  avia-bg-style-scroll container_wrap fullsize'  ><div class='container av-section-cont-open' ><div class='template-page content  av-content-full alpha units'><div class='post-entry post-entry-type-page post-entry-298'><div class='entry-content-wrapper clearfix'>\n<div  class='flex_column av-3pl6y-c287af333a03d36bdb42a3d8a179ca29 av_one_third  avia-builder-el-4  el_before_av_one_third  avia-builder-el-first  first flex_column_div  '     ><section  class='av_textblock_section av-37d6a-afdaa057870a35a87e1232dd672f3930 '   itemscope=\"itemscope\" itemtype=\"https:\/\/schema.org\/CreativeWork\" ><div class='avia_textblock'  itemprop=\"text\" ><p><strong>Objectifs et points vis\u00e9s<\/strong><\/p>\n<p>La Communaut\u00e9 d&rsquo;int\u00e9r\u00eats vise l&rsquo;am\u00e9lioration du traitement des patients atteints de maladies rares. Elle accompagne les travaux de la Conf\u00e9d\u00e9ration dans l&rsquo;\u00e9laboration d&rsquo;un plan d&rsquo;action national et a pour mission de promouvoir l\u2019\u00e9change d\u2019informations ainsi que de sensibiliser le monde politique, l\u2019administration et l\u2019opinion \u00e0 la cause des maladies orphelines.<\/p>\n<p><a href=\"https:\/\/ig-seltene-krankheiten.ch\/fr\/notre-position\/\">&gt; lire la suite<\/a><\/p>\n<\/div><\/section><\/div><div  class='flex_column av-2pdeu-00088986050733a1d3e04b75c352879f av_one_third  avia-builder-el-6  el_after_av_one_third  el_before_av_one_third  flex_column_div  '     ><section  class='av_textblock_section av-2dpky-ac065b677cc5b9c7e85341ebf353de4e '   itemscope=\"itemscope\" itemtype=\"https:\/\/schema.org\/CreativeWork\" ><div class='avia_textblock'  itemprop=\"text\" ><p><strong> Maladies rares <\/strong><\/p>\n<p>A l&rsquo;heure actuelle, on estime qu&rsquo;il existe entre 7 000 et 8 000 maladies rares dans le monde. La plupart d&rsquo;entre elles sont difficiles \u00e0 diagnostiquer. On estime qu&rsquo;elles concernent plus de 30 millions de personnes rien qu&rsquo;en Europe.<\/p>\n<p><em class=\"more\"><a href=\"https:\/\/ig-seltene-krankheiten.ch\/fr\/maladies-rares\/\">&gt; lire la suite<\/a><\/em><\/p>\n<\/div><\/section><\/div><div  class='flex_column av-1q3cm-67bd48a84fc15ceb5cb08d542ae64c6a av_one_third  avia-builder-el-8  el_after_av_one_third  avia-builder-el-last  flex_column_div  '     ><section  class='av_textblock_section av-swd6-166c051ba215bbe87db73e494b013db7 '   itemscope=\"itemscope\" itemtype=\"https:\/\/schema.org\/CreativeWork\" ><div class='avia_textblock'  itemprop=\"text\" ><p><strong> Actualit\u00e9s <\/strong><\/p>\n<p>La CI Maladies rares et 20 organisations rejettent la r\u00e9vision propos\u00e9e par le Conseil f\u00e9d\u00e9ral concernant le remboursement au cas par cas et offrent en m\u00eame temps leur soutien pour l&rsquo;\u00e9laboration commune d&rsquo;un nouveau projet.$<\/p>\n<p><em class=\"more\"><a href=\"https:\/\/ig-seltene-krankheiten.ch\/fr\/news\/\">&gt; lire la suite<\/a><\/em><\/p>\n<\/div><\/section><\/div>\n","protected":false},"excerpt":{"rendered":"","protected":false},"author":1,"featured_media":0,"parent":0,"menu_order":0,"comment_status":"closed","ping_status":"closed","template":"","meta":{"footnotes":""},"class_list":["post-298","page","type-page","status-publish","hentry"],"_links":{"self":[{"href":"https:\/\/ig-seltene-krankheiten.ch\/fr\/wp-json\/wp\/v2\/pages\/298","targetHints":{"allow":["GET"]}}],"collection":[{"href":"https:\/\/ig-seltene-krankheiten.ch\/fr\/wp-json\/wp\/v2\/pages"}],"about":[{"href":"https:\/\/ig-seltene-krankheiten.ch\/fr\/wp-json\/wp\/v2\/types\/page"}],"author":[{"embeddable":true,"href":"https:\/\/ig-seltene-krankheiten.ch\/fr\/wp-json\/wp\/v2\/users\/1"}],"replies":[{"embeddable":true,"href":"https:\/\/ig-seltene-krankheiten.ch\/fr\/wp-json\/wp\/v2\/comments?post=298"}],"version-history":[{"count":6,"href":"https:\/\/ig-seltene-krankheiten.ch\/fr\/wp-json\/wp\/v2\/pages\/298\/revisions"}],"predecessor-version":[{"id":489,"href":"https:\/\/ig-seltene-krankheiten.ch\/fr\/wp-json\/wp\/v2\/pages\/298\/revisions\/489"}],"wp:attachment":[{"href":"https:\/\/ig-seltene-krankheiten.ch\/fr\/wp-json\/wp\/v2\/media?parent=298"}],"curies":[{"name":"wp","href":"https:\/\/api.w.org\/{rel}","templated":true}]}}